

{"id":2692,"date":"2025-06-24T22:08:52","date_gmt":"2025-06-24T22:08:52","guid":{"rendered":"https:\/\/www.styleboxes.hu\/?post_type=product&#038;p=2692"},"modified":"2025-06-24T22:08:52","modified_gmt":"2025-06-24T22:08:52","slug":"logotervezes","status":"publish","type":"product","link":"https:\/\/www.styleboxes.hu\/en\/product\/logotervezes\/","title":{"rendered":"Logo design"},"content":{"rendered":"<p>After a preliminary discussion of the client's vision, 3 relevant basic ideas are sketched out in a personal consultation and the chosen one is developed in consultation with the client. We take into account any special requirements due to subsequent application techniques and dimensions. We define direct identity colours and information fonts. Once finalised, we provide the client with all the necessary formats. The graphics are kept for 5 years.<\/p>","protected":false},"excerpt":{"rendered":"<p>Az \u00fcgyf\u00e9l elk\u00e9pzel\u00e9s\u00e9nek el\u0151zetes egyeztet\u00e9se ut\u00e1n egy szem\u00e9lyes konzult\u00e1c\u00f3 seg\u00edts\u00e9g\u00e9vel 3 relev\u00e1ns alap\u00f6tletet v\u00e1zolunk fel \u00e9s az ezek k\u00f6z\u00fcl kiv\u00e1lasztottat dolgozzuk ki az \u00fcgyf\u00e9llel egyeztetve. Figyelembe vessz\u00fck a k\u00e9s\u0151bbi alkalmaz\u00e1si technik\u00e1k \u00e9s m\u00e9retek miatti speci\u00e1lis ig\u00e9nyeket. Meghat\u00e1rozzuk a direkt arculati sz\u00edneket, inform\u00e1ci\u00f3s bet\u0171t\u00edpust. V\u00e9gleges\u00edt\u00e9s ut\u00e1n az \u00fcgyf\u00e9l rendelkez\u00e9s\u00e9re bocs\u00e1jtjuk az \u00f6sszes sz\u00fcks\u00e9ges form\u00e1tumot. A grafik\u00e1t [&hellip;]<\/p>","protected":false},"featured_media":2691,"comment_status":"closed","ping_status":"closed","template":"","meta":{"_exactmetrics_skip_tracking":false,"_exactmetrics_sitenote_active":false,"_exactmetrics_sitenote_note":"","_exactmetrics_sitenote_category":0},"product_brand":[],"product_cat":[15],"product_tag":[],"class_list":{"0":"post-2692","1":"product","2":"type-product","3":"status-publish","4":"has-post-thumbnail","6":"product_cat-egyeb","8":"first","9":"instock","10":"taxable","11":"shipping-taxable","12":"purchasable","13":"product-type-simple"},"_links":{"self":[{"href":"https:\/\/www.styleboxes.hu\/en\/wp-json\/wp\/v2\/product\/2692","targetHints":{"allow":["GET"]}}],"collection":[{"href":"https:\/\/www.styleboxes.hu\/en\/wp-json\/wp\/v2\/product"}],"about":[{"href":"https:\/\/www.styleboxes.hu\/en\/wp-json\/wp\/v2\/types\/product"}],"replies":[{"embeddable":true,"href":"https:\/\/www.styleboxes.hu\/en\/wp-json\/wp\/v2\/comments?post=2692"}],"wp:featuredmedia":[{"embeddable":true,"href":"https:\/\/www.styleboxes.hu\/en\/wp-json\/wp\/v2\/media\/2691"}],"wp:attachment":[{"href":"https:\/\/www.styleboxes.hu\/en\/wp-json\/wp\/v2\/media?parent=2692"}],"wp:term":[{"taxonomy":"product_brand","embeddable":true,"href":"https:\/\/www.styleboxes.hu\/en\/wp-json\/wp\/v2\/product_brand?post=2692"},{"taxonomy":"product_cat","embeddable":true,"href":"https:\/\/www.styleboxes.hu\/en\/wp-json\/wp\/v2\/product_cat?post=2692"},{"taxonomy":"product_tag","embeddable":true,"href":"https:\/\/www.styleboxes.hu\/en\/wp-json\/wp\/v2\/product_tag?post=2692"}],"curies":[{"name":"wp","href":"https:\/\/api.w.org\/{rel}","templated":true}]}}