

{"id":2639,"date":"2025-02-21T17:36:52","date_gmt":"2025-02-21T17:36:52","guid":{"rendered":"https:\/\/www.styleboxes.hu\/?post_type=product&#038;p=2639"},"modified":"2025-02-21T17:36:53","modified_gmt":"2025-02-21T17:36:53","slug":"boca-kis-es-nagy-display-szett","status":"publish","type":"product","link":"https:\/\/www.styleboxes.hu\/en\/product\/boca-kis-es-nagy-display-szett\/","title":{"rendered":"Boca small and large display set"},"content":{"rendered":"<p>Gold+beige or gold+black microfibre display set<\/p>\n<p>For assembly, colours, consultation required.<\/p>\n<p>30*40 cm or 60*40 cm<\/p>\n<p>Available, delivery 3 weeks.<\/p>\n<p>&nbsp;<\/p>","protected":false},"excerpt":{"rendered":"<p>Arany+b\u00e9zs vagy arany+fekete microfibre display szett \u00d6ssze\u00e1ll\u00edt\u00e1shoz, sz\u00ednekhez egyeztet\u00e9s sz\u00fcks\u00e9ges. 30*40 cm vagy 60*40 cm Rendelhet\u0151, sz\u00e1ll\u00edt\u00e1s 3 h\u00e9t. &nbsp;<\/p>","protected":false},"featured_media":2638,"comment_status":"closed","ping_status":"closed","template":"","meta":{"_exactmetrics_skip_tracking":false,"_exactmetrics_sitenote_active":false,"_exactmetrics_sitenote_note":"","_exactmetrics_sitenote_category":0},"product_brand":[],"product_cat":[132,133],"product_tag":[],"class_list":{"0":"post-2639","1":"product","2":"type-product","3":"status-publish","4":"has-post-thumbnail","6":"product_cat-displayek","7":"product_cat-ekszerbolti-kiegeszitok","9":"first","10":"instock","11":"taxable","12":"shipping-taxable","13":"purchasable","14":"product-type-variable"},"_links":{"self":[{"href":"https:\/\/www.styleboxes.hu\/en\/wp-json\/wp\/v2\/product\/2639","targetHints":{"allow":["GET"]}}],"collection":[{"href":"https:\/\/www.styleboxes.hu\/en\/wp-json\/wp\/v2\/product"}],"about":[{"href":"https:\/\/www.styleboxes.hu\/en\/wp-json\/wp\/v2\/types\/product"}],"replies":[{"embeddable":true,"href":"https:\/\/www.styleboxes.hu\/en\/wp-json\/wp\/v2\/comments?post=2639"}],"wp:featuredmedia":[{"embeddable":true,"href":"https:\/\/www.styleboxes.hu\/en\/wp-json\/wp\/v2\/media\/2638"}],"wp:attachment":[{"href":"https:\/\/www.styleboxes.hu\/en\/wp-json\/wp\/v2\/media?parent=2639"}],"wp:term":[{"taxonomy":"product_brand","embeddable":true,"href":"https:\/\/www.styleboxes.hu\/en\/wp-json\/wp\/v2\/product_brand?post=2639"},{"taxonomy":"product_cat","embeddable":true,"href":"https:\/\/www.styleboxes.hu\/en\/wp-json\/wp\/v2\/product_cat?post=2639"},{"taxonomy":"product_tag","embeddable":true,"href":"https:\/\/www.styleboxes.hu\/en\/wp-json\/wp\/v2\/product_tag?post=2639"}],"curies":[{"name":"wp","href":"https:\/\/api.w.org\/{rel}","templated":true}]}}